{"id":12201,"date":"2021-11-29T15:51:47","date_gmt":"2021-11-29T15:51:47","guid":{"rendered":"https:\/\/www.radbag.nl\/blog\/?page_id=12201"},"modified":"2021-11-30T08:08:22","modified_gmt":"2021-11-30T08:08:22","slug":"je-eigen-gluhweinkraam-in-elkaar-zetten-stap-voor-stap","status":"publish","type":"page","link":"https:\/\/www.radbag.nl\/blog\/je-eigen-gluhweinkraam-in-elkaar-zetten-stap-voor-stap","title":{"rendered":"Je eigen gl\u00fchweinkraam in elkaar zetten. Stap voor stap."},"content":{"rendered":"<div class=\"bpp_post_wrapper\" data-bpp-pinlink=\"https:\/\/www.radbag.nl\/blog\/je-eigen-gluhweinkraam-in-elkaar-zetten-stap-voor-stap\" data-bpp-pincorner=\"northeast\" data-bpp-pinhover=\"false\" data-bpp-lang=\"en\" data-bpp-count=\"above\" data-bpp-zero-count=\"true\" data-bpp-size=\"20\" data-bpp-color=\"red\">\n<h3 class=\"has-text-align-center wp-block-heading\">Gefeliciteerd! Je hebt \u00e9\u00e9n van de veelgevraagde limited edition gl\u00fchweinkraampjes bemachtigd. \ud83d\ude80\ud83c\udf89\ud83c\udf84<\/h3>\n\n\n\n<p class=\"has-text-align-center\">Om te zorgen dat je het ook kunt gaan gebruiken, hebben we hier een video-uitleg voor je gemaakt, die je hopelijk helpt om het in elkaar te zetten.<\/p>\n\n\n\n<div class=\"wp-block-columns is-layout-flex wp-container-core-columns-is-layout-9d6595d7 wp-block-columns-is-layout-flex\">\n<div class=\"wp-block-column is-layout-flow wp-block-column-is-layout-flow\" style=\"flex-basis:16.7%\"><\/div>\n\n\n\n<div class=\"wp-block-column is-layout-flow wp-block-column-is-layout-flow\">\n<figure class=\"wp-block-video\"><video autoplay preload=\"auto\" src=\"https:\/\/www.radbag.nl\/blog\/wp-content\/uploads\/2021\/11\/NL-Instructie-video-in-elkaar-zetten-Gluhweinkraam.mp4\"><\/video><\/figure>\n<\/div>\n\n\n\n<div class=\"wp-block-column is-layout-flow wp-block-column-is-layout-flow\" style=\"flex-basis:14.9%\"><\/div>\n<\/div>\n\n\n\n<h3 class=\"has-text-align-center wp-block-heading\">Wat zit er in je pakket:<\/h3>\n\n\n\n<div class=\"wp-block-image\"><figure class=\"aligncenter size-large\"><img loading=\"lazy\" decoding=\"async\" width=\"1000\" height=\"400\" src=\"https:\/\/www.radbag.nl\/blog\/wp-content\/uploads\/2021\/11\/Dach-1.png\" alt=\"\" class=\"wp-image-12204\" srcset=\"https:\/\/www.radbag.nl\/blog\/wp-content\/uploads\/2021\/11\/Dach-1.png 1000w, https:\/\/www.radbag.nl\/blog\/wp-content\/uploads\/2021\/11\/Dach-1-300x120.png 300w, https:\/\/www.radbag.nl\/blog\/wp-content\/uploads\/2021\/11\/Dach-1-768x307.png 768w, https:\/\/www.radbag.nl\/blog\/wp-content\/uploads\/2021\/11\/Dach-1-720x288.png 720w, https:\/\/www.radbag.nl\/blog\/wp-content\/uploads\/2021\/11\/Dach-1-160x64.png 160w\" sizes=\"auto, (max-width: 1000px) 100vw, 1000px\" \/><\/figure><\/div>\n\n\n\n<p class=\"has-text-align-center\"><strong>Belangrijk:<\/strong> Vouw eerst alle onderdelen voor, zodat de insteekverbindingen soepel zijn en het niet scheurt.<\/p>\n\n\n\n<div class=\"wp-block-image\"><figure class=\"aligncenter size-large\"><img loading=\"lazy\" decoding=\"async\" width=\"683\" height=\"1024\" src=\"https:\/\/www.radbag.nl\/blog\/wp-content\/uploads\/2021\/11\/Gl\u00fchweinstand-Aufbau-Anleitung-683x1024.png\" alt=\"\" class=\"wp-image-12208\" srcset=\"https:\/\/www.radbag.nl\/blog\/wp-content\/uploads\/2021\/11\/Gl\u00fchweinstand-Aufbau-Anleitung-683x1024.png 683w, https:\/\/www.radbag.nl\/blog\/wp-content\/uploads\/2021\/11\/Gl\u00fchweinstand-Aufbau-Anleitung-200x300.png 200w, https:\/\/www.radbag.nl\/blog\/wp-content\/uploads\/2021\/11\/Gl\u00fchweinstand-Aufbau-Anleitung-768x1152.png 768w, https:\/\/www.radbag.nl\/blog\/wp-content\/uploads\/2021\/11\/Gl\u00fchweinstand-Aufbau-Anleitung-720x1080.png 720w, https:\/\/www.radbag.nl\/blog\/wp-content\/uploads\/2021\/11\/Gl\u00fchweinstand-Aufbau-Anleitung-160x240.png 160w, https:\/\/www.radbag.nl\/blog\/wp-content\/uploads\/2021\/11\/Gl\u00fchweinstand-Aufbau-Anleitung.png 1000w\" sizes=\"auto, (max-width: 683px) 100vw, 683px\" \/><\/figure><\/div>\n\n\n\n<p class=\"has-text-align-center\"><strong>Nu wensen we je veel plezier toe en heel veel gezellige borrels met je gl\u00fchweinkraam! \ud83d\ude1c\ud83c\udf84\ud83c\udf77<\/strong><\/p>\n\n\n\n<p class=\"has-text-align-center\">\ud83d\udc47 We kijken uit naar grappige foto&#8217;s, video&#8217;s en verhalen van jou. \ud83d\udc47 Deel ze hier met ons of tag ons op social media. Dat zouden we geweldig vinden.<\/p>\n\n\n\n<div class=\"wp-block-columns is-layout-flex wp-container-core-columns-is-layout-9d6595d7 wp-block-columns-is-layout-flex\">\n<div class=\"wp-block-column is-layout-flow wp-block-column-is-layout-flow\">\n<div class=\"wp-block-image\"><figure class=\"alignright size-large\"><a href=\"https:\/\/www.instagram.com\/radbagnl\/\"><img loading=\"lazy\" decoding=\"async\" width=\"100\" height=\"100\" src=\"https:\/\/www.radbag.nl\/blog\/wp-content\/uploads\/2021\/11\/social-icon-1.png\" alt=\"\" class=\"wp-image-12164\"\/><\/a><\/figure><\/div>\n<\/div>\n\n\n\n<div class=\"wp-block-column is-layout-flow wp-block-column-is-layout-flow\">\n<div class=\"wp-block-image\"><figure class=\"aligncenter size-large\"><a href=\"https:\/\/www.facebook.com\/RadbagNL\"><img loading=\"lazy\" decoding=\"async\" width=\"100\" height=\"100\" src=\"https:\/\/www.radbag.nl\/blog\/wp-content\/uploads\/2021\/11\/radbag-social-icons-3.png\" alt=\"\" class=\"wp-image-12163\"\/><\/a><\/figure><\/div>\n<\/div>\n\n\n\n<div class=\"wp-block-column is-layout-flow wp-block-column-is-layout-flow\">\n<div class=\"wp-block-image\"><figure class=\"alignleft size-large\"><a href=\"mailto:flel@mhdirekt.com\"><img loading=\"lazy\" decoding=\"async\" width=\"100\" height=\"100\" src=\"https:\/\/www.radbag.nl\/blog\/wp-content\/uploads\/2021\/11\/Untitled-design-72.png\" alt=\"\" class=\"wp-image-12217\"\/><\/a><\/figure><\/div>\n<\/div>\n<\/div>\n<\/div>","protected":false},"excerpt":{"rendered":"<p>Gefeliciteerd! Je hebt \u00e9\u00e9n van de veelgevraagde limited edition gl\u00fchweinkraampjes bemachtigd. \ud83d\ude80\ud83c\udf89\ud83c\udf84 Om te zorgen dat je het ook kunt gaan gebruiken, hebben we hier een video-uitleg voor je gemaakt, die je hopelijk helpt om het in elkaar te zetten. Wat zit er in je pakket: Belangrijk: Vouw eerst alle onderdelen voor, zodat de insteekverbindingen&hellip;<\/p>\n","protected":false},"author":1,"featured_media":12206,"parent":0,"menu_order":0,"comment_status":"closed","ping_status":"closed","template":"","meta":{"footnotes":""},"class_list":["post-12201","page","type-page","status-publish","has-post-thumbnail","hentry"],"yoast_head":"<!-- This site is optimized with the Yoast SEO plugin v27.5 - https:\/\/yoast.com\/product\/yoast-seo-wordpress\/ -->\n<title>Je eigen gl\u00fchweinkraam in elkaar zetten. Stap voor stap. -<\/title>\n<meta name=\"description\" content=\"Gefeliciteerd! Je hebt \u00e9\u00e9n van de veelgevraagde limited edition gl\u00fchweinkraampjes bemachtigd. Tijd om hem in elkaar te zetten. We helpen je op weg!\" \/>\n<meta name=\"robots\" content=\"index, follow, max-snippet:-1, max-image-preview:large, max-video-preview:-1\" \/>\n<link rel=\"canonical\" href=\"https:\/\/www.radbag.nl\/blog\/je-eigen-gluhweinkraam-in-elkaar-zetten-stap-voor-stap\" \/>\n<meta property=\"og:locale\" content=\"nl_NL\" \/>\n<meta property=\"og:type\" content=\"article\" \/>\n<meta property=\"og:title\" content=\"Je eigen gl\u00fchweinkraam in elkaar zetten. Stap voor stap. -\" \/>\n<meta property=\"og:description\" content=\"Gefeliciteerd! Je hebt \u00e9\u00e9n van de veelgevraagde limited edition gl\u00fchweinkraampjes bemachtigd. Tijd om hem in elkaar te zetten. We helpen je op weg!\" \/>\n<meta property=\"og:url\" content=\"https:\/\/www.radbag.nl\/blog\/je-eigen-gluhweinkraam-in-elkaar-zetten-stap-voor-stap\" \/>\n<meta property=\"og:site_name\" content=\"Radbag Blog\" \/>\n<meta property=\"article:modified_time\" content=\"2021-11-30T08:08:22+00:00\" \/>\n<meta property=\"og:image\" content=\"https:\/\/www.radbag.nl\/blog\/wp-content\/uploads\/2021\/11\/ES_-Copy-of-BLOG_HEADER_diverse-1024x576.png\" \/>\n\t<meta property=\"og:image:width\" content=\"1024\" \/>\n\t<meta property=\"og:image:height\" content=\"576\" \/>\n\t<meta property=\"og:image:type\" content=\"image\/png\" \/>\n<meta name=\"twitter:label1\" content=\"Geschatte leestijd\" \/>\n\t<meta name=\"twitter:data1\" content=\"1 minuut\" \/>\n<script type=\"application\/ld+json\" class=\"yoast-schema-graph\">{\"@context\":\"https:\\\/\\\/schema.org\",\"@graph\":[{\"@type\":\"WebPage\",\"@id\":\"https:\\\/\\\/www.radbag.nl\\\/blog\\\/je-eigen-gluhweinkraam-in-elkaar-zetten-stap-voor-stap\",\"url\":\"https:\\\/\\\/www.radbag.nl\\\/blog\\\/je-eigen-gluhweinkraam-in-elkaar-zetten-stap-voor-stap\",\"name\":\"Je eigen gl\u00fchweinkraam in elkaar zetten. Stap voor stap. -\",\"isPartOf\":{\"@id\":\"https:\\\/\\\/www.radbag.nl\\\/blog\\\/#website\"},\"primaryImageOfPage\":{\"@id\":\"https:\\\/\\\/www.radbag.nl\\\/blog\\\/je-eigen-gluhweinkraam-in-elkaar-zetten-stap-voor-stap#primaryimage\"},\"image\":{\"@id\":\"https:\\\/\\\/www.radbag.nl\\\/blog\\\/je-eigen-gluhweinkraam-in-elkaar-zetten-stap-voor-stap#primaryimage\"},\"thumbnailUrl\":\"https:\\\/\\\/www.radbag.nl\\\/blog\\\/wp-content\\\/uploads\\\/2021\\\/11\\\/ES_-Copy-of-BLOG_HEADER_diverse.png\",\"datePublished\":\"2021-11-29T15:51:47+00:00\",\"dateModified\":\"2021-11-30T08:08:22+00:00\",\"description\":\"Gefeliciteerd! Je hebt \u00e9\u00e9n van de veelgevraagde limited edition gl\u00fchweinkraampjes bemachtigd. Tijd om hem in elkaar te zetten. We helpen je op weg!\",\"breadcrumb\":{\"@id\":\"https:\\\/\\\/www.radbag.nl\\\/blog\\\/je-eigen-gluhweinkraam-in-elkaar-zetten-stap-voor-stap#breadcrumb\"},\"inLanguage\":\"nl-NL\",\"potentialAction\":[{\"@type\":\"ReadAction\",\"target\":[\"https:\\\/\\\/www.radbag.nl\\\/blog\\\/je-eigen-gluhweinkraam-in-elkaar-zetten-stap-voor-stap\"]}]},{\"@type\":\"ImageObject\",\"inLanguage\":\"nl-NL\",\"@id\":\"https:\\\/\\\/www.radbag.nl\\\/blog\\\/je-eigen-gluhweinkraam-in-elkaar-zetten-stap-voor-stap#primaryimage\",\"url\":\"https:\\\/\\\/www.radbag.nl\\\/blog\\\/wp-content\\\/uploads\\\/2021\\\/11\\\/ES_-Copy-of-BLOG_HEADER_diverse.png\",\"contentUrl\":\"https:\\\/\\\/www.radbag.nl\\\/blog\\\/wp-content\\\/uploads\\\/2021\\\/11\\\/ES_-Copy-of-BLOG_HEADER_diverse.png\",\"width\":2240,\"height\":1260},{\"@type\":\"BreadcrumbList\",\"@id\":\"https:\\\/\\\/www.radbag.nl\\\/blog\\\/je-eigen-gluhweinkraam-in-elkaar-zetten-stap-voor-stap#breadcrumb\",\"itemListElement\":[{\"@type\":\"ListItem\",\"position\":1,\"name\":\"Home\",\"item\":\"https:\\\/\\\/www.radbag.nl\\\/blog\"},{\"@type\":\"ListItem\",\"position\":2,\"name\":\"Je eigen gl\u00fchweinkraam in elkaar zetten. Stap voor stap.\"}]},{\"@type\":\"WebSite\",\"@id\":\"https:\\\/\\\/www.radbag.nl\\\/blog\\\/#website\",\"url\":\"https:\\\/\\\/www.radbag.nl\\\/blog\\\/\",\"name\":\"Radbag Blog\",\"description\":\"\",\"potentialAction\":[{\"@type\":\"SearchAction\",\"target\":{\"@type\":\"EntryPoint\",\"urlTemplate\":\"https:\\\/\\\/www.radbag.nl\\\/blog\\\/?s={search_term_string}\"},\"query-input\":{\"@type\":\"PropertyValueSpecification\",\"valueRequired\":true,\"valueName\":\"search_term_string\"}}],\"inLanguage\":\"nl-NL\"}]}<\/script>\n<!-- \/ Yoast SEO plugin. -->","yoast_head_json":{"title":"Je eigen gl\u00fchweinkraam in elkaar zetten. Stap voor stap. -","description":"Gefeliciteerd! Je hebt \u00e9\u00e9n van de veelgevraagde limited edition gl\u00fchweinkraampjes bemachtigd. Tijd om hem in elkaar te zetten. We helpen je op weg!","robots":{"index":"index","follow":"follow","max-snippet":"max-snippet:-1","max-image-preview":"max-image-preview:large","max-video-preview":"max-video-preview:-1"},"canonical":"https:\/\/www.radbag.nl\/blog\/je-eigen-gluhweinkraam-in-elkaar-zetten-stap-voor-stap","og_locale":"nl_NL","og_type":"article","og_title":"Je eigen gl\u00fchweinkraam in elkaar zetten. Stap voor stap. -","og_description":"Gefeliciteerd! Je hebt \u00e9\u00e9n van de veelgevraagde limited edition gl\u00fchweinkraampjes bemachtigd. Tijd om hem in elkaar te zetten. We helpen je op weg!","og_url":"https:\/\/www.radbag.nl\/blog\/je-eigen-gluhweinkraam-in-elkaar-zetten-stap-voor-stap","og_site_name":"Radbag Blog","article_modified_time":"2021-11-30T08:08:22+00:00","og_image":[{"width":1024,"height":576,"url":"https:\/\/www.radbag.nl\/blog\/wp-content\/uploads\/2021\/11\/ES_-Copy-of-BLOG_HEADER_diverse-1024x576.png","type":"image\/png"}],"twitter_misc":{"Geschatte leestijd":"1 minuut"},"schema":{"@context":"https:\/\/schema.org","@graph":[{"@type":"WebPage","@id":"https:\/\/www.radbag.nl\/blog\/je-eigen-gluhweinkraam-in-elkaar-zetten-stap-voor-stap","url":"https:\/\/www.radbag.nl\/blog\/je-eigen-gluhweinkraam-in-elkaar-zetten-stap-voor-stap","name":"Je eigen gl\u00fchweinkraam in elkaar zetten. Stap voor stap. -","isPartOf":{"@id":"https:\/\/www.radbag.nl\/blog\/#website"},"primaryImageOfPage":{"@id":"https:\/\/www.radbag.nl\/blog\/je-eigen-gluhweinkraam-in-elkaar-zetten-stap-voor-stap#primaryimage"},"image":{"@id":"https:\/\/www.radbag.nl\/blog\/je-eigen-gluhweinkraam-in-elkaar-zetten-stap-voor-stap#primaryimage"},"thumbnailUrl":"https:\/\/www.radbag.nl\/blog\/wp-content\/uploads\/2021\/11\/ES_-Copy-of-BLOG_HEADER_diverse.png","datePublished":"2021-11-29T15:51:47+00:00","dateModified":"2021-11-30T08:08:22+00:00","description":"Gefeliciteerd! Je hebt \u00e9\u00e9n van de veelgevraagde limited edition gl\u00fchweinkraampjes bemachtigd. Tijd om hem in elkaar te zetten. We helpen je op weg!","breadcrumb":{"@id":"https:\/\/www.radbag.nl\/blog\/je-eigen-gluhweinkraam-in-elkaar-zetten-stap-voor-stap#breadcrumb"},"inLanguage":"nl-NL","potentialAction":[{"@type":"ReadAction","target":["https:\/\/www.radbag.nl\/blog\/je-eigen-gluhweinkraam-in-elkaar-zetten-stap-voor-stap"]}]},{"@type":"ImageObject","inLanguage":"nl-NL","@id":"https:\/\/www.radbag.nl\/blog\/je-eigen-gluhweinkraam-in-elkaar-zetten-stap-voor-stap#primaryimage","url":"https:\/\/www.radbag.nl\/blog\/wp-content\/uploads\/2021\/11\/ES_-Copy-of-BLOG_HEADER_diverse.png","contentUrl":"https:\/\/www.radbag.nl\/blog\/wp-content\/uploads\/2021\/11\/ES_-Copy-of-BLOG_HEADER_diverse.png","width":2240,"height":1260},{"@type":"BreadcrumbList","@id":"https:\/\/www.radbag.nl\/blog\/je-eigen-gluhweinkraam-in-elkaar-zetten-stap-voor-stap#breadcrumb","itemListElement":[{"@type":"ListItem","position":1,"name":"Home","item":"https:\/\/www.radbag.nl\/blog"},{"@type":"ListItem","position":2,"name":"Je eigen gl\u00fchweinkraam in elkaar zetten. Stap voor stap."}]},{"@type":"WebSite","@id":"https:\/\/www.radbag.nl\/blog\/#website","url":"https:\/\/www.radbag.nl\/blog\/","name":"Radbag Blog","description":"","potentialAction":[{"@type":"SearchAction","target":{"@type":"EntryPoint","urlTemplate":"https:\/\/www.radbag.nl\/blog\/?s={search_term_string}"},"query-input":{"@type":"PropertyValueSpecification","valueRequired":true,"valueName":"search_term_string"}}],"inLanguage":"nl-NL"}]}},"_links":{"self":[{"href":"https:\/\/www.radbag.nl\/blog\/wp-json\/wp\/v2\/pages\/12201","targetHints":{"allow":["GET"]}}],"collection":[{"href":"https:\/\/www.radbag.nl\/blog\/wp-json\/wp\/v2\/pages"}],"about":[{"href":"https:\/\/www.radbag.nl\/blog\/wp-json\/wp\/v2\/types\/page"}],"author":[{"embeddable":true,"href":"https:\/\/www.radbag.nl\/blog\/wp-json\/wp\/v2\/users\/1"}],"replies":[{"embeddable":true,"href":"https:\/\/www.radbag.nl\/blog\/wp-json\/wp\/v2\/comments?post=12201"}],"version-history":[{"count":6,"href":"https:\/\/www.radbag.nl\/blog\/wp-json\/wp\/v2\/pages\/12201\/revisions"}],"predecessor-version":[{"id":12218,"href":"https:\/\/www.radbag.nl\/blog\/wp-json\/wp\/v2\/pages\/12201\/revisions\/12218"}],"wp:featuredmedia":[{"embeddable":true,"href":"https:\/\/www.radbag.nl\/blog\/wp-json\/wp\/v2\/media\/12206"}],"wp:attachment":[{"href":"https:\/\/www.radbag.nl\/blog\/wp-json\/wp\/v2\/media?parent=12201"}],"curies":[{"name":"wp","href":"https:\/\/api.w.org\/{rel}","templated":true}]}}